{"id":464,"date":"2026-02-27T19:49:22","date_gmt":"2026-02-27T18:49:22","guid":{"rendered":"https:\/\/sophieanneloubat.fr\/?page_id=464"},"modified":"2026-03-01T18:39:48","modified_gmt":"2026-03-01T17:39:48","slug":"mentions-legales","status":"publish","type":"page","link":"https:\/\/sophieanneloubat.fr\/?page_id=464","title":{"rendered":"Mentions l\u00e9gales"},"content":{"rendered":"\n<p><strong>\u00c9diteur du site<\/strong><\/p>\n\n\n\n<p>Sophie-Anne Loubat &#8211; E.I<\/p>\n\n\n\n<p>Entreprise individuelle<\/p>\n\n\n\n<p>Activit\u00e9s :&nbsp;<\/p>\n\n\n\n<p>&#8211; Naturopathie<\/p>\n\n\n\n<p>&#8211; Shiatsu<\/p>\n\n\n\n<p>Adresse professionnelle :&nbsp;<\/p>\n\n\n\n<p>Centre param\u00e9dical CR Sant\u00e9 &#8211; Entr\u00e9e C<\/p>\n\n\n\n<p>9 bis boulevard Victor Hugo&nbsp;<\/p>\n\n\n\n<p>06130 Grasse &#8211; France<\/p>\n\n\n\n<p>T\u00e9l\u00e9phone : 06 26 51 37 57<\/p>\n\n\n\n<p>Email : sophieanneloubat@gmail.com<\/p>\n\n\n\n<p>Site internet : https:\/\/www.sophieanneloubat.fr<\/p>\n\n\n\n<p>Num\u00e9ro SIRET : 503 255 713 00060<\/p>\n\n\n\n<p>Code APE : 9609Z (Autres services personnels n.c.a)&nbsp;<\/p>\n\n\n\n<p>TVA : Entreprise non assujettie \u00e0 la TVA &#8211; article 293B du Code G\u00e9n\u00e9ral des Imp\u00f4ts.<\/p>\n\n\n\n<p><strong>Responsable de la publication<\/strong><\/p>\n\n\n\n<p>Sophie-Anne Loubat<\/p>\n\n\n\n<p><strong>H\u00e9bergeur du site&nbsp;<\/strong><\/p>\n\n\n\n<p>OVH<\/p>\n\n\n\n<p>2 rue Kellermann<\/p>\n\n\n\n<p>59100 Roubaix &#8211; France<\/p>\n\n\n\n<figure class=\"wp-block-embed\"><div class=\"wp-block-embed__wrapper\">\nhttps:\/\/www.ovh.com\n<\/div><\/figure>\n\n\n\n<p><strong>Propri\u00e9t\u00e9 intellectuelle<\/strong><\/p>\n\n\n\n<p>L&rsquo;ensemble des contenus pr\u00e9sents sur le site (textes, images, photographies, logos, \u00e9l\u00e9ments graphiques) est la propri\u00e9t\u00e9 exclusive de Sophie-Anne Loubat, sauf mention contraire.<\/p>\n\n\n\n<p>Toute reproduction, diffusion ou utilisation sans autorisation \u00e9crite pr\u00e9alable est interdite.<\/p>\n\n\n\n<p><strong>Nature des prestations<\/strong><\/p>\n\n\n\n<p>Les prestations propos\u00e9es rel\u00e8vent exclusivement du bien-\u00eatre et de l&rsquo;accompagnement de l&rsquo;hygi\u00e8ne de vie.<\/p>\n\n\n\n<p>Elles ne constituent en aucun cas un acte m\u00e9dical, un diagnostic m\u00e9dical ou un traitement, et ne se substituent pas \u00e0 une consultation m\u00e9dicale.<\/p>\n\n\n\n<p class=\"has-text-align-center\"><strong>&#8211; Mise \u00e0 jour le 1er mars 2026 &#8211; <\/strong><\/p>\n\n\n\n<p><\/p>\n","protected":false},"excerpt":{"rendered":"<p>\u00c9diteur du site Sophie-Anne Loubat &#8211; E.I Entreprise individuelle Activit\u00e9s :&nbsp; &#8211; Naturopathie &#8211; Shiatsu Adresse professionnelle :&nbsp; Centre param\u00e9dical CR Sant\u00e9 &#8211; Entr\u00e9e C 9 bis boulevard Victor Hugo&nbsp; 06130 Grasse &#8211; France T\u00e9l\u00e9phone : 06 26 51 37 57 Email : sophieanneloubat@gmail.com Site internet : https:\/\/www.sophieanneloubat.fr Num\u00e9ro SIRET : 503 255 713 00060 [&hellip;]<\/p>\n","protected":false},"author":1,"featured_media":0,"parent":0,"menu_order":0,"comment_status":"closed","ping_status":"closed","template":"","meta":{"footnotes":""},"class_list":["post-464","page","type-page","status-publish","hentry"],"_links":{"self":[{"href":"https:\/\/sophieanneloubat.fr\/index.php?rest_route=\/wp\/v2\/pages\/464","targetHints":{"allow":["GET"]}}],"collection":[{"href":"https:\/\/sophieanneloubat.fr\/index.php?rest_route=\/wp\/v2\/pages"}],"about":[{"href":"https:\/\/sophieanneloubat.fr\/index.php?rest_route=\/wp\/v2\/types\/page"}],"author":[{"embeddable":true,"href":"https:\/\/sophieanneloubat.fr\/index.php?rest_route=\/wp\/v2\/users\/1"}],"replies":[{"embeddable":true,"href":"https:\/\/sophieanneloubat.fr\/index.php?rest_route=%2Fwp%2Fv2%2Fcomments&post=464"}],"version-history":[{"count":2,"href":"https:\/\/sophieanneloubat.fr\/index.php?rest_route=\/wp\/v2\/pages\/464\/revisions"}],"predecessor-version":[{"id":478,"href":"https:\/\/sophieanneloubat.fr\/index.php?rest_route=\/wp\/v2\/pages\/464\/revisions\/478"}],"wp:attachment":[{"href":"https:\/\/sophieanneloubat.fr\/index.php?rest_route=%2Fwp%2Fv2%2Fmedia&parent=464"}],"curies":[{"name":"wp","href":"https:\/\/api.w.org\/{rel}","templated":true}]}}